{"id":837,"date":"2013-07-08T21:28:37","date_gmt":"2013-07-08T19:28:37","guid":{"rendered":"https:\/\/bdjl.de\/noper\/?page_id=837"},"modified":"2013-09-15T11:01:02","modified_gmt":"2013-09-15T09:01:02","slug":"about","status":"publish","type":"page","link":"https:\/\/bdjl.de\/noper\/?page_id=837","title":{"rendered":"about"},"content":{"rendered":"<p>ich h\u00e4tte sie damals schlicht kaufen sollen &#8211; die nopperection von ingo maurer. aus nopperection und dem &#8220;h\u00e4tte sollen&#8221; wurde noper und not for daily use. irgendwie. muss keiner verstehen.<\/p>\n<h2>history<\/h2>\n<p>dieses blog war von juni 2012 bis anfang juli 2013 auf noper.tumblr.com untergebracht und wurde dann am 08.07.2013 hier her umgezogen. das tumblr blog wurde gel\u00f6scht. <del>\u00e4ltere bilder aus tumblr werden auf grund der import-einstellungen des tumblr-wordpress-plugins als gallery und somit als thumbnail angezeigt.<\/del><\/p>\n<p>die datensaugerei der &#8220;dienste&#8221; hat sicherlich auch mit dazu gef\u00fchrt, dass hier nun selbst gehostet wird. wenn ich dieses blog platt machen will, dann mach ich es platt. und au\u00dfer mir und meinem eigenem piwik zieht auch keiner an den daten. im <a title=\"impressum\" href=\"https:\/\/bdjl.de\/noper\/?page_id=826\">impressum<\/a> stehen ein paar hinweise zum datenschutz.<\/p>\n<h2>prinzip<\/h2>\n<p>keine \u00fcberschriften, kein text, nur bilder von dem, was auf dem tisch, im garten oder im zimmer &#8230; zu finden ist. kein gefummel mit blende oder zeit &#8211; draufhalten und abdr\u00fccken mit dem tablet, fertig. irgendwelche, sch\u00f6ne und oft leckere dinge aus dem alltag &#8211; und damit der schmutzige vorl\u00e4ufer von <a href=\"https:\/\/www.bdjl.de\/lebensart\">lebensart<\/a>.<\/p>\n","protected":false},"excerpt":{"rendered":"<p>ich h\u00e4tte sie damals schlicht kaufen sollen &#8211; die nopperection von ingo maurer. aus nopperection und dem &#8220;h\u00e4tte sollen&#8221; wurde noper und not for daily use. irgendwie. muss keiner verstehen. history dieses blog war von juni 2012 bis anfang juli 2013 auf noper.tumblr.com untergebracht und wurde dann am 08.07.2013 hier her umgezogen. das tumblr blog &hellip; <a href=\"https:\/\/bdjl.de\/noper\/?page_id=837\" class=\"more-link\">Continue reading <span class=\"screen-reader-text\">about<\/span> <span class=\"meta-nav\">&rarr;<\/span><\/a><\/p>\n","protected":false},"author":1,"featured_media":0,"parent":0,"menu_order":0,"comment_status":"closed","ping_status":"open","template":"","meta":{"footnotes":""},"class_list":["post-837","page","type-page","status-publish","hentry"],"_links":{"self":[{"href":"https:\/\/bdjl.de\/noper\/index.php?rest_route=\/wp\/v2\/pages\/837","targetHints":{"allow":["GET"]}}],"collection":[{"href":"https:\/\/bdjl.de\/noper\/index.php?rest_route=\/wp\/v2\/pages"}],"about":[{"href":"https:\/\/bdjl.de\/noper\/index.php?rest_route=\/wp\/v2\/types\/page"}],"author":[{"embeddable":true,"href":"https:\/\/bdjl.de\/noper\/index.php?rest_route=\/wp\/v2\/users\/1"}],"replies":[{"embeddable":true,"href":"https:\/\/bdjl.de\/noper\/index.php?rest_route=%2Fwp%2Fv2%2Fcomments&post=837"}],"version-history":[{"count":7,"href":"https:\/\/bdjl.de\/noper\/index.php?rest_route=\/wp\/v2\/pages\/837\/revisions"}],"predecessor-version":[{"id":1318,"href":"https:\/\/bdjl.de\/noper\/index.php?rest_route=\/wp\/v2\/pages\/837\/revisions\/1318"}],"wp:attachment":[{"href":"https:\/\/bdjl.de\/noper\/index.php?rest_route=%2Fwp%2Fv2%2Fmedia&parent=837"}],"curies":[{"name":"wp","href":"https:\/\/api.w.org\/{rel}","templated":true}]}}